{"id":18,"date":"2020-01-15T23:51:08","date_gmt":"2020-01-16T01:51:08","guid":{"rendered":"http:\/\/localhost\/grupovts\/?page_id=18"},"modified":"2020-03-09T08:43:34","modified_gmt":"2020-03-09T11:43:34","slug":"empresas-do-grupo","status":"publish","type":"page","link":"https:\/\/grupovts.com.br\/?page_id=18","title":{"rendered":"Empresas do grupo"},"content":{"rendered":"\t\t<div data-elementor-type=\"wp-page\" data-elementor-id=\"18\" class=\"elementor elementor-18\" data-elementor-post-type=\"page\">\n\t\t\t\t\t\t<section class=\"elementor-section elementor-top-section elementor-element elementor-element-b822e71 elementor-section-stretched elementor-section-boxed elementor-section-height-default elementor-section-height-default\" data-id=\"b822e71\" data-element_type=\"section\" data-e-type=\"section\" data-settings=\"{&quot;stretch_section&quot;:&quot;section-stretched&quot;,&quot;background_background&quot;:&quot;classic&quot;}\">\n\t\t\t\t\t\t<div class=\"elementor-container elementor-column-gap-default\">\n\t\t\t\t\t<div class=\"elementor-column elementor-col-100 elementor-top-column elementor-element elementor-element-fd408d6\" data-id=\"fd408d6\" data-element_type=\"column\" data-e-type=\"column\">\n\t\t\t<div class=\"elementor-widget-wrap elementor-element-populated\">\n\t\t\t\t\t\t<div class=\"elementor-element elementor-element-1329dd4 elementor-widget elementor-widget-heading\" data-id=\"1329dd4\" data-element_type=\"widget\" data-e-type=\"widget\" data-widget_type=\"heading.default\">\n\t\t\t\t<div class=\"elementor-widget-container\">\n\t\t\t\t\t<h2 class=\"elementor-heading-title elementor-size-default\">EMPRESAS DO GRUPO\n<\/h2>\t\t\t\t<\/div>\n\t\t\t\t<\/div>\n\t\t\t\t\t<\/div>\n\t\t<\/div>\n\t\t\t\t\t<\/div>\n\t\t<\/section>\n\t\t\t\t<section class=\"elementor-section elementor-top-section elementor-element elementor-element-10cae4c elementor-section-boxed elementor-section-height-default elementor-section-height-default\" data-id=\"10cae4c\" data-element_type=\"section\" data-e-type=\"section\">\n\t\t\t\t\t\t<div class=\"elementor-container elementor-column-gap-default\">\n\t\t\t\t\t<div class=\"elementor-column elementor-col-50 elementor-top-column elementor-element elementor-element-c8f495d\" data-id=\"c8f495d\" data-element_type=\"column\" data-e-type=\"column\">\n\t\t\t<div class=\"elementor-widget-wrap elementor-element-populated\">\n\t\t\t\t\t\t<div class=\"elementor-element elementor-element-4e765a7 elementor-widget elementor-widget-image\" data-id=\"4e765a7\" data-element_type=\"widget\" data-e-type=\"widget\" data-widget_type=\"image.default\">\n\t\t\t\t<div class=\"elementor-widget-container\">\n\t\t\t\t\t\t\t\t\t\t\t\t\t\t\t<img fetchpriority=\"high\" decoding=\"async\" width=\"800\" height=\"228\" src=\"https:\/\/grupovts.com.br\/wp-content\/uploads\/2020\/01\/logo-colors-1024x292.png\" class=\"attachment-large size-large wp-image-178\" alt=\"\" srcset=\"https:\/\/grupovts.com.br\/wp-content\/uploads\/2020\/01\/logo-colors-1024x292.png 1024w, https:\/\/grupovts.com.br\/wp-content\/uploads\/2020\/01\/logo-colors-300x86.png 300w, https:\/\/grupovts.com.br\/wp-content\/uploads\/2020\/01\/logo-colors-768x219.png 768w, https:\/\/grupovts.com.br\/wp-content\/uploads\/2020\/01\/logo-colors.png 1532w\" sizes=\"(max-width: 800px) 100vw, 800px\" \/>\t\t\t\t\t\t\t\t\t\t\t\t\t\t\t<\/div>\n\t\t\t\t<\/div>\n\t\t\t\t\t<\/div>\n\t\t<\/div>\n\t\t\t\t<div class=\"elementor-column elementor-col-50 elementor-top-column elementor-element elementor-element-bd25a4c\" data-id=\"bd25a4c\" data-element_type=\"column\" data-e-type=\"column\">\n\t\t\t<div class=\"elementor-widget-wrap elementor-element-populated\">\n\t\t\t\t\t\t<div class=\"elementor-element elementor-element-1cfc25d elementor-widget elementor-widget-text-editor\" data-id=\"1cfc25d\" data-element_type=\"widget\" data-e-type=\"widget\" data-widget_type=\"text-editor.default\">\n\t\t\t\t<div class=\"elementor-widget-container\">\n\t\t\t\t\t\t\t\t\t<p>O GRUPO VTS \u00e9 uma empresa formada por profissionais capacitados, motivados e com grande experi\u00eancia nas diversas \u00e1reas que atuamos, especialistas em\u00a0<strong>transformar dificuldades em resultados. <\/strong><\/p>\t\t\t\t\t\t\t\t<\/div>\n\t\t\t\t<\/div>\n\t\t\t\t\t<\/div>\n\t\t<\/div>\n\t\t\t\t\t<\/div>\n\t\t<\/section>\n\t\t\t\t<section class=\"elementor-section elementor-top-section elementor-element elementor-element-3b6a647 elementor-section-boxed elementor-section-height-default elementor-section-height-default\" data-id=\"3b6a647\" data-element_type=\"section\" data-e-type=\"section\">\n\t\t\t\t\t\t<div class=\"elementor-container elementor-column-gap-default\">\n\t\t\t\t\t<div class=\"elementor-column elementor-col-50 elementor-top-column elementor-element elementor-element-3bd2378\" data-id=\"3bd2378\" data-element_type=\"column\" data-e-type=\"column\">\n\t\t\t<div class=\"elementor-widget-wrap elementor-element-populated\">\n\t\t\t\t\t\t<div class=\"elementor-element elementor-element-47f3548 elementor-widget elementor-widget-image\" data-id=\"47f3548\" data-element_type=\"widget\" data-e-type=\"widget\" data-widget_type=\"image.default\">\n\t\t\t\t<div class=\"elementor-widget-container\">\n\t\t\t\t\t\t\t\t\t\t\t\t\t\t\t<img decoding=\"async\" width=\"139\" height=\"126\" src=\"https:\/\/grupovts.com.br\/wp-content\/uploads\/2020\/01\/logo-cerrado.png\" class=\"attachment-large size-large wp-image-177\" alt=\"\" \/>\t\t\t\t\t\t\t\t\t\t\t\t\t\t\t<\/div>\n\t\t\t\t<\/div>\n\t\t\t\t\t<\/div>\n\t\t<\/div>\n\t\t\t\t<div class=\"elementor-column elementor-col-50 elementor-top-column elementor-element elementor-element-ab4e7da\" data-id=\"ab4e7da\" data-element_type=\"column\" data-e-type=\"column\">\n\t\t\t<div class=\"elementor-widget-wrap elementor-element-populated\">\n\t\t\t\t\t\t<div class=\"elementor-element elementor-element-de93e26 elementor-widget elementor-widget-text-editor\" data-id=\"de93e26\" data-element_type=\"widget\" data-e-type=\"widget\" data-widget_type=\"text-editor.default\">\n\t\t\t\t<div class=\"elementor-widget-container\">\n\t\t\t\t\t\t\t\t\t<p>A Cerrado Transportes surgiu inicialmente para entender e solucionar demanda de <strong>Transportes de colaboradores<\/strong> nas areas Agr\u00edcolas, atua no Oeste da Bahia atendendo v\u00e1rias Fazendas.<\/p>\t\t\t\t\t\t\t\t<\/div>\n\t\t\t\t<\/div>\n\t\t\t\t\t<\/div>\n\t\t<\/div>\n\t\t\t\t\t<\/div>\n\t\t<\/section>\n\t\t\t\t<section class=\"elementor-section elementor-top-section elementor-element elementor-element-35841b0 elementor-section-boxed elementor-section-height-default elementor-section-height-default\" data-id=\"35841b0\" data-element_type=\"section\" data-e-type=\"section\">\n\t\t\t\t\t\t<div class=\"elementor-container elementor-column-gap-default\">\n\t\t\t\t\t<div class=\"elementor-column elementor-col-50 elementor-top-column elementor-element elementor-element-7c6e3c4\" data-id=\"7c6e3c4\" data-element_type=\"column\" data-e-type=\"column\">\n\t\t\t<div class=\"elementor-widget-wrap elementor-element-populated\">\n\t\t\t\t\t\t<div class=\"elementor-element elementor-element-7e1b446 elementor-widget elementor-widget-image\" data-id=\"7e1b446\" data-element_type=\"widget\" data-e-type=\"widget\" data-widget_type=\"image.default\">\n\t\t\t\t<div class=\"elementor-widget-container\">\n\t\t\t\t\t\t\t\t\t\t\t\t\t\t\t<img decoding=\"async\" width=\"800\" height=\"121\" src=\"https:\/\/grupovts.com.br\/wp-content\/uploads\/2020\/01\/logo-uruana-tur-1024x155.png\" class=\"attachment-large size-large wp-image-179\" alt=\"\" srcset=\"https:\/\/grupovts.com.br\/wp-content\/uploads\/2020\/01\/logo-uruana-tur-1024x155.png 1024w, https:\/\/grupovts.com.br\/wp-content\/uploads\/2020\/01\/logo-uruana-tur-300x45.png 300w, https:\/\/grupovts.com.br\/wp-content\/uploads\/2020\/01\/logo-uruana-tur-768x116.png 768w, https:\/\/grupovts.com.br\/wp-content\/uploads\/2020\/01\/logo-uruana-tur-1536x232.png 1536w, https:\/\/grupovts.com.br\/wp-content\/uploads\/2020\/01\/logo-uruana-tur-2048x309.png 2048w\" sizes=\"(max-width: 800px) 100vw, 800px\" \/>\t\t\t\t\t\t\t\t\t\t\t\t\t\t\t<\/div>\n\t\t\t\t<\/div>\n\t\t\t\t\t<\/div>\n\t\t<\/div>\n\t\t\t\t<div class=\"elementor-column elementor-col-50 elementor-top-column elementor-element elementor-element-d9089db\" data-id=\"d9089db\" data-element_type=\"column\" data-e-type=\"column\">\n\t\t\t<div class=\"elementor-widget-wrap elementor-element-populated\">\n\t\t\t\t\t\t<div class=\"elementor-element elementor-element-2689630 elementor-widget elementor-widget-text-editor\" data-id=\"2689630\" data-element_type=\"widget\" data-e-type=\"widget\" data-widget_type=\"text-editor.default\">\n\t\t\t\t<div class=\"elementor-widget-container\">\n\t\t\t\t\t\t\t\t\t<p>Uruan Tur \u00e9 uma empresa do Grupo VTS e atua no Transporte de Funcionarios em areas Rurais, e Turismo. Devidamente registrada na EMBRATUR e ANTT.<\/p>\t\t\t\t\t\t\t\t<\/div>\n\t\t\t\t<\/div>\n\t\t\t\t\t<\/div>\n\t\t<\/div>\n\t\t\t\t\t<\/div>\n\t\t<\/section>\n\t\t\t\t<section class=\"elementor-section elementor-top-section elementor-element elementor-element-d6e6ea3 elementor-section-boxed elementor-section-height-default elementor-section-height-default\" data-id=\"d6e6ea3\" data-element_type=\"section\" data-e-type=\"section\">\n\t\t\t\t\t\t<div class=\"elementor-container elementor-column-gap-default\">\n\t\t\t\t\t<div class=\"elementor-column elementor-col-50 elementor-top-column elementor-element elementor-element-ead1398\" data-id=\"ead1398\" data-element_type=\"column\" data-e-type=\"column\">\n\t\t\t<div class=\"elementor-widget-wrap elementor-element-populated\">\n\t\t\t\t\t\t<div class=\"elementor-element elementor-element-e3e6d45 elementor-widget elementor-widget-image\" data-id=\"e3e6d45\" data-element_type=\"widget\" data-e-type=\"widget\" data-widget_type=\"image.default\">\n\t\t\t\t<div class=\"elementor-widget-container\">\n\t\t\t\t\t\t\t\t\t\t\t\t\t\t\t<img loading=\"lazy\" decoding=\"async\" width=\"800\" height=\"169\" src=\"https:\/\/grupovts.com.br\/wp-content\/uploads\/2020\/03\/Ativo-6.png\" class=\"attachment-large size-large wp-image-403\" alt=\"\" srcset=\"https:\/\/grupovts.com.br\/wp-content\/uploads\/2020\/03\/Ativo-6.png 982w, https:\/\/grupovts.com.br\/wp-content\/uploads\/2020\/03\/Ativo-6-300x64.png 300w, https:\/\/grupovts.com.br\/wp-content\/uploads\/2020\/03\/Ativo-6-768x163.png 768w\" sizes=\"(max-width: 800px) 100vw, 800px\" \/>\t\t\t\t\t\t\t\t\t\t\t\t\t\t\t<\/div>\n\t\t\t\t<\/div>\n\t\t\t\t\t<\/div>\n\t\t<\/div>\n\t\t\t\t<div class=\"elementor-column elementor-col-50 elementor-top-column elementor-element elementor-element-74f2dd3\" data-id=\"74f2dd3\" data-element_type=\"column\" data-e-type=\"column\">\n\t\t\t<div class=\"elementor-widget-wrap elementor-element-populated\">\n\t\t\t\t\t\t<div class=\"elementor-element elementor-element-6b60823 elementor-widget elementor-widget-text-editor\" data-id=\"6b60823\" data-element_type=\"widget\" data-e-type=\"widget\" data-widget_type=\"text-editor.default\">\n\t\t\t\t<div class=\"elementor-widget-container\">\n\t\t\t\t\t\t\t\t\t<p>A LOC@VTS \u00e9 uma empresa do Grupo VTS tem como foco de atua\u00e7\u00e3o o aluguel de Veiculos para utilitarios de aplicativos, Aluguel no modo \u201cCombo Service CAR\u201d, servi\u00e7o terceirizado de Motorista + Veiculo, Caminh\u00f5es e Maquinas Agricolas.<\/p>\t\t\t\t\t\t\t\t<\/div>\n\t\t\t\t<\/div>\n\t\t\t\t\t<\/div>\n\t\t<\/div>\n\t\t\t\t\t<\/div>\n\t\t<\/section>\n\t\t\t\t<\/div>\n\t\t","protected":false},"excerpt":{"rendered":"<p>EMPRESAS DO GRUPO O GRUPO VTS \u00e9 uma empresa formada por profissionais capacitados, motivados e com grande experi\u00eancia nas diversas \u00e1reas que atuamos, especialistas em\u00a0transformar dificuldades em resultados. A Cerrado Transportes surgiu inicialmente para entender e solucionar demanda de Transportes de colaboradores nas areas Agr\u00edcolas, atua no Oeste da Bahia atendendo v\u00e1rias Fazendas. Uruan Tur [&hellip;]<\/p>\n","protected":false},"author":1,"featured_media":0,"parent":0,"menu_order":0,"comment_status":"closed","ping_status":"closed","template":"","meta":{"footnotes":""},"class_list":["post-18","page","type-page","status-publish","hentry"],"yoast_head":"<!-- This site is optimized with the Yoast SEO plugin v27.4 - https:\/\/yoast.com\/product\/yoast-seo-wordpress\/ -->\n<title>GRUPO VTS - Terceiriza\u00e7\u00e3o de transporte de trabalhadores e loca\u00e7\u00e3o de onibus<\/title>\n<meta name=\"description\" content=\"Somos um grupo de empresa de terceiriza\u00e7\u00e3o e loca\u00e7\u00e3o de ve\u00edculos rurais, transporte de trabalhadores e frota de ve\u00edculos urbanos\" \/>\n<meta name=\"robots\" content=\"index, follow, max-snippet:-1, max-image-preview:large, max-video-preview:-1\" \/>\n<link rel=\"canonical\" href=\"https:\/\/grupovts.com.br\/?page_id=18\" \/>\n<meta property=\"og:locale\" content=\"pt_BR\" \/>\n<meta property=\"og:type\" content=\"article\" \/>\n<meta property=\"og:title\" content=\"GRUPO VTS - Terceiriza\u00e7\u00e3o de transporte de trabalhadores e loca\u00e7\u00e3o de onibus\" \/>\n<meta property=\"og:description\" content=\"Somos um grupo de empresa de terceiriza\u00e7\u00e3o e loca\u00e7\u00e3o de ve\u00edculos rurais, transporte de trabalhadores e frota de ve\u00edculos urbanos\" \/>\n<meta property=\"og:url\" content=\"https:\/\/grupovts.com.br\/?page_id=18\" \/>\n<meta property=\"og:site_name\" content=\"GRUPO VTS - Terceiriza\u00e7\u00e3o de transporte de trabalhadores e loca\u00e7\u00e3o de onibus\" \/>\n<meta property=\"article:modified_time\" content=\"2020-03-09T11:43:34+00:00\" \/>\n<meta property=\"og:image\" content=\"https:\/\/grupovts.com.br\/wp-content\/uploads\/2020\/01\/logo-colors-1024x292.png\" \/>\n<meta name=\"twitter:card\" content=\"summary_large_image\" \/>\n<meta name=\"twitter:label1\" content=\"Est. tempo de leitura\" \/>\n\t<meta name=\"twitter:data1\" content=\"1 minuto\" \/>\n<script type=\"application\/ld+json\" class=\"yoast-schema-graph\">{\"@context\":\"https:\\\/\\\/schema.org\",\"@graph\":[{\"@type\":\"WebPage\",\"@id\":\"https:\\\/\\\/grupovts.com.br\\\/?page_id=18\",\"url\":\"https:\\\/\\\/grupovts.com.br\\\/?page_id=18\",\"name\":\"GRUPO VTS - Terceiriza\u00e7\u00e3o de transporte de trabalhadores e loca\u00e7\u00e3o de onibus\",\"isPartOf\":{\"@id\":\"https:\\\/\\\/grupovts.com.br\\\/#website\"},\"primaryImageOfPage\":{\"@id\":\"https:\\\/\\\/grupovts.com.br\\\/?page_id=18#primaryimage\"},\"image\":{\"@id\":\"https:\\\/\\\/grupovts.com.br\\\/?page_id=18#primaryimage\"},\"thumbnailUrl\":\"https:\\\/\\\/grupovts.com.br\\\/wp-content\\\/uploads\\\/2020\\\/01\\\/logo-colors-1024x292.png\",\"datePublished\":\"2020-01-16T01:51:08+00:00\",\"dateModified\":\"2020-03-09T11:43:34+00:00\",\"description\":\"Somos um grupo de empresa de terceiriza\u00e7\u00e3o e loca\u00e7\u00e3o de ve\u00edculos rurais, transporte de trabalhadores e frota de ve\u00edculos urbanos\",\"breadcrumb\":{\"@id\":\"https:\\\/\\\/grupovts.com.br\\\/?page_id=18#breadcrumb\"},\"inLanguage\":\"pt-BR\",\"potentialAction\":[{\"@type\":\"ReadAction\",\"target\":[\"https:\\\/\\\/grupovts.com.br\\\/?page_id=18\"]}]},{\"@type\":\"ImageObject\",\"inLanguage\":\"pt-BR\",\"@id\":\"https:\\\/\\\/grupovts.com.br\\\/?page_id=18#primaryimage\",\"url\":\"https:\\\/\\\/grupovts.com.br\\\/wp-content\\\/uploads\\\/2020\\\/01\\\/logo-colors.png\",\"contentUrl\":\"https:\\\/\\\/grupovts.com.br\\\/wp-content\\\/uploads\\\/2020\\\/01\\\/logo-colors.png\",\"width\":1532,\"height\":437},{\"@type\":\"BreadcrumbList\",\"@id\":\"https:\\\/\\\/grupovts.com.br\\\/?page_id=18#breadcrumb\",\"itemListElement\":[{\"@type\":\"ListItem\",\"position\":1,\"name\":\"In\u00edcio\",\"item\":\"https:\\\/\\\/grupovts.com.br\\\/\"},{\"@type\":\"ListItem\",\"position\":2,\"name\":\"Empresas do grupo\"}]},{\"@type\":\"WebSite\",\"@id\":\"https:\\\/\\\/grupovts.com.br\\\/#website\",\"url\":\"https:\\\/\\\/grupovts.com.br\\\/\",\"name\":\"GRUPO VTS - Terceiriza\u00e7\u00e3o de transporte de trabalhadores e loca\u00e7\u00e3o de \u00f4nibus e frota de ve\u00edculos\",\"description\":\"Terceiriza\u00e7\u00e3o de transporte de trabalhadores e loca\u00e7\u00e3o de onibus\",\"potentialAction\":[{\"@type\":\"SearchAction\",\"target\":{\"@type\":\"EntryPoint\",\"urlTemplate\":\"https:\\\/\\\/grupovts.com.br\\\/?s={search_term_string}\"},\"query-input\":{\"@type\":\"PropertyValueSpecification\",\"valueRequired\":true,\"valueName\":\"search_term_string\"}}],\"inLanguage\":\"pt-BR\"}]}<\/script>\n<!-- \/ Yoast SEO plugin. -->","yoast_head_json":{"title":"GRUPO VTS - Terceiriza\u00e7\u00e3o de transporte de trabalhadores e loca\u00e7\u00e3o de onibus","description":"Somos um grupo de empresa de terceiriza\u00e7\u00e3o e loca\u00e7\u00e3o de ve\u00edculos rurais, transporte de trabalhadores e frota de ve\u00edculos urbanos","robots":{"index":"index","follow":"follow","max-snippet":"max-snippet:-1","max-image-preview":"max-image-preview:large","max-video-preview":"max-video-preview:-1"},"canonical":"https:\/\/grupovts.com.br\/?page_id=18","og_locale":"pt_BR","og_type":"article","og_title":"GRUPO VTS - Terceiriza\u00e7\u00e3o de transporte de trabalhadores e loca\u00e7\u00e3o de onibus","og_description":"Somos um grupo de empresa de terceiriza\u00e7\u00e3o e loca\u00e7\u00e3o de ve\u00edculos rurais, transporte de trabalhadores e frota de ve\u00edculos urbanos","og_url":"https:\/\/grupovts.com.br\/?page_id=18","og_site_name":"GRUPO VTS - Terceiriza\u00e7\u00e3o de transporte de trabalhadores e loca\u00e7\u00e3o de onibus","article_modified_time":"2020-03-09T11:43:34+00:00","og_image":[{"url":"https:\/\/grupovts.com.br\/wp-content\/uploads\/2020\/01\/logo-colors-1024x292.png","type":"","width":"","height":""}],"twitter_card":"summary_large_image","twitter_misc":{"Est. tempo de leitura":"1 minuto"},"schema":{"@context":"https:\/\/schema.org","@graph":[{"@type":"WebPage","@id":"https:\/\/grupovts.com.br\/?page_id=18","url":"https:\/\/grupovts.com.br\/?page_id=18","name":"GRUPO VTS - Terceiriza\u00e7\u00e3o de transporte de trabalhadores e loca\u00e7\u00e3o de onibus","isPartOf":{"@id":"https:\/\/grupovts.com.br\/#website"},"primaryImageOfPage":{"@id":"https:\/\/grupovts.com.br\/?page_id=18#primaryimage"},"image":{"@id":"https:\/\/grupovts.com.br\/?page_id=18#primaryimage"},"thumbnailUrl":"https:\/\/grupovts.com.br\/wp-content\/uploads\/2020\/01\/logo-colors-1024x292.png","datePublished":"2020-01-16T01:51:08+00:00","dateModified":"2020-03-09T11:43:34+00:00","description":"Somos um grupo de empresa de terceiriza\u00e7\u00e3o e loca\u00e7\u00e3o de ve\u00edculos rurais, transporte de trabalhadores e frota de ve\u00edculos urbanos","breadcrumb":{"@id":"https:\/\/grupovts.com.br\/?page_id=18#breadcrumb"},"inLanguage":"pt-BR","potentialAction":[{"@type":"ReadAction","target":["https:\/\/grupovts.com.br\/?page_id=18"]}]},{"@type":"ImageObject","inLanguage":"pt-BR","@id":"https:\/\/grupovts.com.br\/?page_id=18#primaryimage","url":"https:\/\/grupovts.com.br\/wp-content\/uploads\/2020\/01\/logo-colors.png","contentUrl":"https:\/\/grupovts.com.br\/wp-content\/uploads\/2020\/01\/logo-colors.png","width":1532,"height":437},{"@type":"BreadcrumbList","@id":"https:\/\/grupovts.com.br\/?page_id=18#breadcrumb","itemListElement":[{"@type":"ListItem","position":1,"name":"In\u00edcio","item":"https:\/\/grupovts.com.br\/"},{"@type":"ListItem","position":2,"name":"Empresas do grupo"}]},{"@type":"WebSite","@id":"https:\/\/grupovts.com.br\/#website","url":"https:\/\/grupovts.com.br\/","name":"GRUPO VTS - Terceiriza\u00e7\u00e3o de transporte de trabalhadores e loca\u00e7\u00e3o de \u00f4nibus e frota de ve\u00edculos","description":"Terceiriza\u00e7\u00e3o de transporte de trabalhadores e loca\u00e7\u00e3o de onibus","potentialAction":[{"@type":"SearchAction","target":{"@type":"EntryPoint","urlTemplate":"https:\/\/grupovts.com.br\/?s={search_term_string}"},"query-input":{"@type":"PropertyValueSpecification","valueRequired":true,"valueName":"search_term_string"}}],"inLanguage":"pt-BR"}]}},"_links":{"self":[{"href":"https:\/\/grupovts.com.br\/index.php?rest_route=\/wp\/v2\/pages\/18","targetHints":{"allow":["GET"]}}],"collection":[{"href":"https:\/\/grupovts.com.br\/index.php?rest_route=\/wp\/v2\/pages"}],"about":[{"href":"https:\/\/grupovts.com.br\/index.php?rest_route=\/wp\/v2\/types\/page"}],"author":[{"embeddable":true,"href":"https:\/\/grupovts.com.br\/index.php?rest_route=\/wp\/v2\/users\/1"}],"replies":[{"embeddable":true,"href":"https:\/\/grupovts.com.br\/index.php?rest_route=%2Fwp%2Fv2%2Fcomments&post=18"}],"version-history":[{"count":8,"href":"https:\/\/grupovts.com.br\/index.php?rest_route=\/wp\/v2\/pages\/18\/revisions"}],"predecessor-version":[{"id":404,"href":"https:\/\/grupovts.com.br\/index.php?rest_route=\/wp\/v2\/pages\/18\/revisions\/404"}],"wp:attachment":[{"href":"https:\/\/grupovts.com.br\/index.php?rest_route=%2Fwp%2Fv2%2Fmedia&parent=18"}],"curies":[{"name":"wp","href":"https:\/\/api.w.org\/{rel}","templated":true}]}}