{"id":20,"date":"2020-01-15T23:51:20","date_gmt":"2020-01-16T01:51:20","guid":{"rendered":"http:\/\/localhost\/grupovts\/?page_id=20"},"modified":"2020-01-29T09:37:11","modified_gmt":"2020-01-29T12:37:11","slug":"contato","status":"publish","type":"page","link":"https:\/\/grupovts.com.br\/?page_id=20","title":{"rendered":"Contato"},"content":{"rendered":"\t\t<div data-elementor-type=\"wp-page\" data-elementor-id=\"20\" class=\"elementor elementor-20\" data-elementor-post-type=\"page\">\n\t\t\t\t\t\t<section class=\"elementor-section elementor-top-section elementor-element elementor-element-2ced186 elementor-section-stretched elementor-section-boxed elementor-section-height-default elementor-section-height-default\" data-id=\"2ced186\" data-element_type=\"section\" data-e-type=\"section\" data-settings=\"{&quot;stretch_section&quot;:&quot;section-stretched&quot;,&quot;background_background&quot;:&quot;classic&quot;}\">\n\t\t\t\t\t\t<div class=\"elementor-container elementor-column-gap-default\">\n\t\t\t\t\t<div class=\"elementor-column elementor-col-100 elementor-top-column elementor-element elementor-element-4b84684\" data-id=\"4b84684\" data-element_type=\"column\" data-e-type=\"column\">\n\t\t\t<div class=\"elementor-widget-wrap elementor-element-populated\">\n\t\t\t\t\t\t<div class=\"elementor-element elementor-element-facb15b elementor-widget elementor-widget-heading\" data-id=\"facb15b\" data-element_type=\"widget\" data-e-type=\"widget\" data-widget_type=\"heading.default\">\n\t\t\t\t<div class=\"elementor-widget-container\">\n\t\t\t\t\t<h2 class=\"elementor-heading-title elementor-size-default\">CONTATO\n<\/h2>\t\t\t\t<\/div>\n\t\t\t\t<\/div>\n\t\t\t\t\t<\/div>\n\t\t<\/div>\n\t\t\t\t\t<\/div>\n\t\t<\/section>\n\t\t\t\t<section class=\"elementor-section elementor-top-section elementor-element elementor-element-4e9113a elementor-section-boxed elementor-section-height-default elementor-section-height-default\" data-id=\"4e9113a\" data-element_type=\"section\" data-e-type=\"section\">\n\t\t\t\t\t\t<div class=\"elementor-container elementor-column-gap-default\">\n\t\t\t\t\t<div class=\"elementor-column elementor-col-50 elementor-top-column elementor-element elementor-element-96d007e\" data-id=\"96d007e\" data-element_type=\"column\" data-e-type=\"column\">\n\t\t\t<div class=\"elementor-widget-wrap elementor-element-populated\">\n\t\t\t\t\t\t<div class=\"elementor-element elementor-element-c806c4d elementor-widget elementor-widget-heading\" data-id=\"c806c4d\" data-element_type=\"widget\" data-e-type=\"widget\" data-widget_type=\"heading.default\">\n\t\t\t\t<div class=\"elementor-widget-container\">\n\t\t\t\t\t<h2 class=\"elementor-heading-title elementor-size-default\">FALE CONOSCO\n<\/h2>\t\t\t\t<\/div>\n\t\t\t\t<\/div>\n\t\t\t\t<div class=\"elementor-element elementor-element-049e25d elementor-position-inline-start elementor-view-default elementor-mobile-position-block-start elementor-widget elementor-widget-icon-box\" data-id=\"049e25d\" data-element_type=\"widget\" data-e-type=\"widget\" data-widget_type=\"icon-box.default\">\n\t\t\t\t<div class=\"elementor-widget-container\">\n\t\t\t\t\t\t\t<div class=\"elementor-icon-box-wrapper\">\n\n\t\t\t\t\t\t<div class=\"elementor-icon-box-icon\">\n\t\t\t\t<span  class=\"elementor-icon\">\n\t\t\t\t<i aria-hidden=\"true\" class=\"fas fa-map-marker-alt\"><\/i>\t\t\t\t<\/span>\n\t\t\t<\/div>\n\t\t\t\n\t\t\t\t\t\t<div class=\"elementor-icon-box-content\">\n\n\t\t\t\t\n\t\t\t\t\t\t\t\t\t<p class=\"elementor-icon-box-description\">\n\t\t\t\t\t\tEndere\u00e7o: Av. T-63, esq. com Av. T-15 e Rua C-235, Qd. 145, Lts. 08 a 10 e 21a 24, Bueno, CEP 74.230-100. Goi\u00e2nia \u2013 GO\t\t\t\t\t<\/p>\n\t\t\t\t\n\t\t\t<\/div>\n\t\t\t\n\t\t<\/div>\n\t\t\t\t\t\t<\/div>\n\t\t\t\t<\/div>\n\t\t\t\t<div class=\"elementor-element elementor-element-95523a2 elementor-position-inline-start elementor-view-default elementor-mobile-position-block-start elementor-widget elementor-widget-icon-box\" data-id=\"95523a2\" data-element_type=\"widget\" data-e-type=\"widget\" data-widget_type=\"icon-box.default\">\n\t\t\t\t<div class=\"elementor-widget-container\">\n\t\t\t\t\t\t\t<div class=\"elementor-icon-box-wrapper\">\n\n\t\t\t\t\t\t<div class=\"elementor-icon-box-icon\">\n\t\t\t\t<span  class=\"elementor-icon\">\n\t\t\t\t<i aria-hidden=\"true\" class=\"fas fa-phone-square-alt\"><\/i>\t\t\t\t<\/span>\n\t\t\t<\/div>\n\t\t\t\n\t\t\t\t\t\t<div class=\"elementor-icon-box-content\">\n\n\t\t\t\t\n\t\t\t\t\t\t\t\t\t<p class=\"elementor-icon-box-description\">\n\t\t\t\t\t\t62 99832 9980\n62 99831 6123\t\t\t\t\t<\/p>\n\t\t\t\t\n\t\t\t<\/div>\n\t\t\t\n\t\t<\/div>\n\t\t\t\t\t\t<\/div>\n\t\t\t\t<\/div>\n\t\t\t\t<div class=\"elementor-element elementor-element-939d4a2 elementor-position-inline-start elementor-view-default elementor-mobile-position-block-start elementor-widget elementor-widget-icon-box\" data-id=\"939d4a2\" data-element_type=\"widget\" data-e-type=\"widget\" data-widget_type=\"icon-box.default\">\n\t\t\t\t<div class=\"elementor-widget-container\">\n\t\t\t\t\t\t\t<div class=\"elementor-icon-box-wrapper\">\n\n\t\t\t\t\t\t<div class=\"elementor-icon-box-icon\">\n\t\t\t\t<span  class=\"elementor-icon\">\n\t\t\t\t<i aria-hidden=\"true\" class=\"fas fa-envelope\"><\/i>\t\t\t\t<\/span>\n\t\t\t<\/div>\n\t\t\t\n\t\t\t\t\t\t<div class=\"elementor-icon-box-content\">\n\n\t\t\t\t\n\t\t\t\t\t\t\t\t\t<p class=\"elementor-icon-box-description\">\n\t\t\t\t\t\tcontato@grupovts.com.br\t\t\t\t\t<\/p>\n\t\t\t\t\n\t\t\t<\/div>\n\t\t\t\n\t\t<\/div>\n\t\t\t\t\t\t<\/div>\n\t\t\t\t<\/div>\n\t\t\t\t<div class=\"elementor-element elementor-element-a6324d9 elementor-arrows-position-inside elementor-pagination-position-outside elementor-widget elementor-widget-image-carousel\" data-id=\"a6324d9\" data-element_type=\"widget\" data-e-type=\"widget\" data-settings=\"{&quot;slides_to_show&quot;:&quot;1&quot;,&quot;navigation&quot;:&quot;both&quot;,&quot;autoplay&quot;:&quot;yes&quot;,&quot;pause_on_hover&quot;:&quot;yes&quot;,&quot;pause_on_interaction&quot;:&quot;yes&quot;,&quot;autoplay_speed&quot;:5000,&quot;infinite&quot;:&quot;yes&quot;,&quot;effect&quot;:&quot;slide&quot;,&quot;speed&quot;:500}\" data-widget_type=\"image-carousel.default\">\n\t\t\t\t<div class=\"elementor-widget-container\">\n\t\t\t\t\t\t\t<div class=\"elementor-image-carousel-wrapper swiper\" role=\"region\" aria-roledescription=\"carousel\" aria-label=\"Carrossel de imagens\" dir=\"ltr\">\n\t\t\t<div class=\"elementor-image-carousel swiper-wrapper\" aria-live=\"off\">\n\t\t\t\t\t\t\t\t<div class=\"swiper-slide\" role=\"group\" aria-roledescription=\"slide\" aria-label=\"1 de 3\"><figure class=\"swiper-slide-inner\"><img decoding=\"async\" class=\"swiper-slide-image\" src=\"https:\/\/grupovts.com.br\/wp-content\/uploads\/2020\/01\/0188b5ab-1104-4120-8c83-d6287642c731-300x228-1.jpg\" alt=\"0188b5ab-1104-4120-8c83-d6287642c731-300x228\" \/><\/figure><\/div><div class=\"swiper-slide\" role=\"group\" aria-roledescription=\"slide\" aria-label=\"2 de 3\"><figure class=\"swiper-slide-inner\"><img decoding=\"async\" class=\"swiper-slide-image\" src=\"https:\/\/grupovts.com.br\/wp-content\/uploads\/2020\/01\/507b8487-91ce-4056-9d89-fed80da1b7fc-300x228-1.jpg\" alt=\"507b8487-91ce-4056-9d89-fed80da1b7fc-300x228\" \/><\/figure><\/div><div class=\"swiper-slide\" role=\"group\" aria-roledescription=\"slide\" aria-label=\"3 de 3\"><figure class=\"swiper-slide-inner\"><img decoding=\"async\" class=\"swiper-slide-image\" src=\"https:\/\/grupovts.com.br\/wp-content\/uploads\/2020\/01\/e18e015e-dd0b-45a2-8a45-4c57c2a5abf1-300x228-1.jpg\" alt=\"e18e015e-dd0b-45a2-8a45-4c57c2a5abf1-300x228\" \/><\/figure><\/div>\t\t\t<\/div>\n\t\t\t\t\t\t\t\t\t\t\t\t<div class=\"elementor-swiper-button elementor-swiper-button-prev\" role=\"button\" tabindex=\"0\">\n\t\t\t\t\t\t<i aria-hidden=\"true\" class=\"eicon-chevron-left\"><\/i>\t\t\t\t\t<\/div>\n\t\t\t\t\t<div class=\"elementor-swiper-button elementor-swiper-button-next\" role=\"button\" tabindex=\"0\">\n\t\t\t\t\t\t<i aria-hidden=\"true\" class=\"eicon-chevron-right\"><\/i>\t\t\t\t\t<\/div>\n\t\t\t\t\n\t\t\t\t\t\t\t\t\t<div class=\"swiper-pagination\"><\/div>\n\t\t\t\t\t\t\t\t\t<\/div>\n\t\t\t\t\t\t<\/div>\n\t\t\t\t<\/div>\n\t\t\t\t\t<\/div>\n\t\t<\/div>\n\t\t\t\t<div class=\"elementor-column elementor-col-50 elementor-top-column elementor-element elementor-element-337725d\" data-id=\"337725d\" data-element_type=\"column\" data-e-type=\"column\">\n\t\t\t<div class=\"elementor-widget-wrap elementor-element-populated\">\n\t\t\t\t\t\t<div class=\"elementor-element elementor-element-b82ee95 elementor-widget elementor-widget-heading\" data-id=\"b82ee95\" data-element_type=\"widget\" data-e-type=\"widget\" data-widget_type=\"heading.default\">\n\t\t\t\t<div class=\"elementor-widget-container\">\n\t\t\t\t\t<h2 class=\"elementor-heading-title elementor-size-default\">ENVIE SUA MENSAGEM\n<\/h2>\t\t\t\t<\/div>\n\t\t\t\t<\/div>\n\t\t\t\t<div class=\"elementor-element elementor-element-30d1c80 eael-caldera-form-labels-yes eael-caldera-form-button-custom elementor-widget elementor-widget-eael-caldera-form\" data-id=\"30d1c80\" data-element_type=\"widget\" data-e-type=\"widget\" data-widget_type=\"eael-caldera-form.default\">\n\t\t\t\t<div class=\"elementor-widget-container\">\n\t\t\t\t\t            <div class=\"eael-contact-form eael-caldera-form eael-contact-form-align-default\">\n                                <div class=\"caldera-grid\" id=\"caldera_form_1\" data-cf-ver=\"1.9.4\" data-cf-form-id=\"CF5e2f859bc8030\"><div id=\"caldera_notices_1\" data-spinner=\"https:\/\/grupovts.com.br\/wp-admin\/images\/spinner.gif\"><\/div><form data-instance=\"1\" class=\"CF5e2f859bc8030 caldera_forms_form cfajax-trigger\" method=\"POST\" enctype=\"multipart\/form-data\" id=\"CF5e2f859bc8030_1\" data-form-id=\"CF5e2f859bc8030\" aria-label=\"OR&ccedil;amento\" data-target=\"#caldera_notices_1\" data-template=\"#cfajax_CF5e2f859bc8030-tmpl\" data-cfajax=\"CF5e2f859bc8030\" data-load-element=\"_parent\" data-load-class=\"cf_processing\" data-post-disable=\"0\" data-action=\"cf_process_ajax_submit\" data-request=\"https:\/\/grupovts.com.br\/?cf_api=CF5e2f859bc8030\" data-hiderows=\"true\">\r\n<input type=\"hidden\" id=\"_cf_verify_CF5e2f859bc8030\" name=\"_cf_verify\" value=\"b1f8b79eac\"  data-nonce-time=\"1776429818\" \/><input type=\"hidden\" name=\"_wp_http_referer\" value=\"\/index.php?rest_route=%2Fwp%2Fv2%2Fpages%2F20\" \/><div id=\"cf2-CF5e2f859bc8030_1\"><\/div><input type=\"hidden\" name=\"_cf_frm_id\" value=\"CF5e2f859bc8030\">\r\n<input type=\"hidden\" name=\"_cf_frm_ct\" value=\"1\">\r\n<input type=\"hidden\" name=\"cfajax\" value=\"CF5e2f859bc8030\">\r\n<input type=\"hidden\" name=\"_cf_cr_pst\" value=\"20\">\r\n<div class=\"hide\" style=\"display:none; overflow:hidden;height:0;width:0;\">\r\n<label>Url<\/label><input type=\"text\" name=\"url\" value=\"\" autocomplete=\"off\">\r\n<\/div><div id=\"CF5e2f859bc8030_1-row-1\"  class=\"row  single\"><div  class=\"col-xs-6  first_col\"><div data-field-wrapper=\"fld_2084012\" class=\"form-group\" id=\"fld_2084012_1-wrap\">\r\n\t<label id=\"fld_2084012Label\" for=\"fld_2084012_1\" class=\"control-label screen-reader-text sr-only\">Servi\u00e7o que precisa<\/label>\r\n\t<div class=\"\">\r\n\t\t<select name=\"fld_2084012\" value=\"opt1262835\" data-field=\"fld_2084012\" class=\"form-control\" id=\"fld_2084012_1\"  required=\"required\"  aria-labelledby=\"fld_2084012Label\" >\n\t\t\t\t\t\t\t<option value=\"Transporte de Trabalhadores\" selected=\"selected\" data-calc-value=\"Transporte de Trabalhadores\" >\n\t\t\t\t\t\tTransporte de Trabalhadores\t\t\t\t\t<\/option>\n\t\t\t\t\t\t\t\t\t\t<option value=\"Transporte Turismo\"  data-calc-value=\"Transporte Turismo\" >\n\t\t\t\t\t\tTransporte Turismo\t\t\t\t\t<\/option>\n\t\t\t\t\t\t\t\t\t\t<option value=\"Loca\u00e7\u00e3o de Ve\u00edculos\"  data-calc-value=\"Loca\u00e7\u00e3o de Ve\u00edculos\" >\n\t\t\t\t\t\tLoca\u00e7\u00e3o de Ve\u00edculos\t\t\t\t\t<\/option>\n\t\t\t\t\t\t\t\t\t\t<option value=\"Terceiriza\u00e7\u00e3o\"  data-calc-value=\"Terceiriza\u00e7\u00e3o\" >\n\t\t\t\t\t\tTerceiriza\u00e7\u00e3o\t\t\t\t\t<\/option>\n\t\t\t\t\t\t\t\t\t\t<option value=\"Fretamento\"  data-calc-value=\"Fretamento\" >\n\t\t\t\t\t\tFretamento\t\t\t\t\t<\/option>\n\t\t\t\t\t\t\t<\/select>\n\t\t\t<\/div>\r\n<\/div>\r\n<div data-field-wrapper=\"fld_401678\" class=\"form-group\" id=\"fld_401678_1-wrap\">\r\n\t<label id=\"fld_401678Label\" for=\"fld_401678_1\" class=\"control-label screen-reader-text sr-only\">Telefone<\/label>\r\n\t<div class=\"\">\r\n\t\t<input placeholder=\"Telefone\" data-inputmask=\"'mask': '(999) 99999-9999'\"  required type=\"phone\" data-field=\"fld_401678\" class=\" form-control\" id=\"fld_401678_1\" name=\"fld_401678\" value=\"\" data-type=\"phone\" aria-required=\"true\"   aria-labelledby=\"fld_401678Label\" >\t\t\t<\/div>\r\n<\/div>\r\n<div data-field-wrapper=\"fld_6455387\" class=\"form-group\" id=\"fld_6455387_1-wrap\">\r\n\t<label id=\"fld_6455387Label\" for=\"fld_6455387_1\" class=\"control-label screen-reader-text sr-only\">Seu Estado<\/label>\r\n\t<div class=\"\">\r\n\t\t<select name=\"fld_6455387\" value=\"opt1188878\" data-field=\"fld_6455387\" class=\"form-control\" id=\"fld_6455387_1\"    aria-labelledby=\"fld_6455387Label\" >\n\t\t\t\t\t\t\t<option value=\"Goi\u00e1s\" selected=\"selected\" data-calc-value=\"Goi\u00e1s\" >\n\t\t\t\t\t\tGoi\u00e1s\t\t\t\t\t<\/option>\n\t\t\t\t\t\t\t\t\t\t<option value=\"Mato Grosso\"  data-calc-value=\"Mato Grosso\" >\n\t\t\t\t\t\tMato Grosso\t\t\t\t\t<\/option>\n\t\t\t\t\t\t\t\t\t\t<option value=\"Minas Gerais\"  data-calc-value=\"Minas Gerais\" >\n\t\t\t\t\t\tMinas Gerais\t\t\t\t\t<\/option>\n\t\t\t\t\t\t\t\t\t\t<option value=\"Par\u00e1\"  data-calc-value=\"Par\u00e1\" >\n\t\t\t\t\t\tPar\u00e1\t\t\t\t\t<\/option>\n\t\t\t\t\t\t\t\t\t\t<option value=\"Bahia\"  data-calc-value=\"Bahia\" >\n\t\t\t\t\t\tBahia\t\t\t\t\t<\/option>\n\t\t\t\t\t\t\t\t\t\t<option value=\"Distrito Federal\"  data-calc-value=\"Distrito Federal\" >\n\t\t\t\t\t\tDistrito Federal\t\t\t\t\t<\/option>\n\t\t\t\t\t\t\t<\/select>\n\t\t\t<\/div>\r\n<\/div>\r\n<div data-field-wrapper=\"fld_5735512\" class=\"form-group\" id=\"fld_5735512_1-wrap\">\r\n\t<label id=\"fld_5735512Label\" for=\"fld_5735512_1\" class=\"control-label screen-reader-text sr-only\">Cidade<\/label>\r\n\t<div class=\"\">\r\n\t\t<input placeholder=\"Cidade\"   type=\"text\" data-field=\"fld_5735512\" class=\" form-control\" id=\"fld_5735512_1\" name=\"fld_5735512\" value=\"\" data-type=\"text\"   aria-labelledby=\"fld_5735512Label\" >\t\t\t<\/div>\r\n<\/div>\r\n<\/div><div  class=\"col-xs-6  last_col\"><div data-field-wrapper=\"fld_523970\" class=\"form-group\" id=\"fld_523970_1-wrap\">\r\n\t<label id=\"fld_523970Label\" for=\"fld_523970_1\" class=\"control-label screen-reader-text sr-only\">Nome<\/label>\r\n\t<div class=\"\">\r\n\t\t<input placeholder=\"Nome\"  required type=\"text\" data-field=\"fld_523970\" class=\" form-control\" id=\"fld_523970_1\" name=\"fld_523970\" value=\"\" data-type=\"text\" aria-required=\"true\"   aria-labelledby=\"fld_523970Label\" >\t\t\t<\/div>\r\n<\/div>\r\n<div data-field-wrapper=\"fld_5832067\" class=\"form-group\" id=\"fld_5832067_1-wrap\">\r\n\t<label id=\"fld_5832067Label\" for=\"fld_5832067_1\" class=\"control-label screen-reader-text sr-only\">E-mail<\/label>\r\n\t<div class=\"\">\r\n\t\t<input placeholder=\"E-mail\"  required type=\"text\" data-field=\"fld_5832067\" class=\" form-control\" id=\"fld_5832067_1\" name=\"fld_5832067\" value=\"\" data-type=\"text\" aria-required=\"true\"   aria-labelledby=\"fld_5832067Label\" >\t\t\t<\/div>\r\n<\/div>\r\n<div data-field-wrapper=\"fld_5671290\" class=\"form-group\" id=\"fld_5671290_1-wrap\">\r\n\t<label id=\"fld_5671290Label\" for=\"fld_5671290_1\" class=\"control-label screen-reader-text sr-only\">Mensagem<\/label>\r\n\t<div class=\"\">\r\n\t\t<textarea name=\"fld_5671290\" value=\"\" data-field=\"fld_5671290\" class=\"form-control\" id=\"fld_5671290_1\" rows=\"4\"    aria-labelledby=\"fld_5671290Label\" ><\/textarea>\n\t\t\t<\/div>\r\n<\/div>\r\n<div data-field-wrapper=\"fld_9481380\" class=\"form-group\" id=\"fld_9481380_1-wrap\">\r\n<div class=\"\">\r\n\t<input  class=\"btn btn-default\" type=\"submit\" name=\"fld_9481380\" id=\"fld_9481380_1\" value=\"Enviar\" data-field=\"fld_9481380\"  >\n<\/div>\r\n<\/div>\r\n\t<input class=\"button_trigger_1\" type=\"hidden\" name=\"fld_9481380\" id=\"fld_9481380_1_btn\" value=\"\" data-field=\"fld_9481380\"  \/>\n<\/div><\/div><\/form>\r\n<\/div>\r\n            <\/div>\n            \t\t\t\t<\/div>\n\t\t\t\t<\/div>\n\t\t\t\t\t<\/div>\n\t\t<\/div>\n\t\t\t\t\t<\/div>\n\t\t<\/section>\n\t\t\t\t<\/div>\n\t\t","protected":false},"excerpt":{"rendered":"<p>CONTATO FALE CONOSCO Endere\u00e7o: Av. T-63, esq. com Av. T-15 e Rua C-235, Qd. 145, Lts. 08 a 10 e 21a 24, Bueno, CEP 74.230-100. Goi\u00e2nia \u2013 GO 62 99832 9980 62 99831 6123 contato@grupovts.com.br Anterior Pr\u00f3ximo ENVIE SUA MENSAGEM Web Site Servi\u00e7o que precisa Transporte de Trabalhadores Transporte Turismo Loca\u00e7\u00e3o de Ve\u00edculos Terceiriza\u00e7\u00e3o Fretamento [&hellip;]<\/p>\n","protected":false},"author":1,"featured_media":0,"parent":0,"menu_order":0,"comment_status":"closed","ping_status":"closed","template":"","meta":{"footnotes":""},"class_list":["post-20","page","type-page","status-publish","hentry"],"yoast_head":"<!-- This site is optimized with the Yoast SEO plugin v27.4 - https:\/\/yoast.com\/product\/yoast-seo-wordpress\/ -->\n<title>Contato - GRUPO VTS - Terceiriza\u00e7\u00e3o de transporte de trabalhadores e loca\u00e7\u00e3o de onibus<\/title>\n<meta name=\"robots\" content=\"index, follow, max-snippet:-1, max-image-preview:large, max-video-preview:-1\" \/>\n<link rel=\"canonical\" href=\"https:\/\/grupovts.com.br\/?page_id=20\" \/>\n<meta property=\"og:locale\" content=\"pt_BR\" \/>\n<meta property=\"og:type\" content=\"article\" \/>\n<meta property=\"og:title\" content=\"Contato - GRUPO VTS - Terceiriza\u00e7\u00e3o de transporte de trabalhadores e loca\u00e7\u00e3o de onibus\" \/>\n<meta property=\"og:description\" content=\"CONTATO FALE CONOSCO Endere\u00e7o: Av. T-63, esq. com Av. T-15 e Rua C-235, Qd. 145, Lts. 08 a 10 e 21a 24, Bueno, CEP 74.230-100. Goi\u00e2nia \u2013 GO 62 99832 9980 62 99831 6123 contato@grupovts.com.br Anterior Pr\u00f3ximo ENVIE SUA MENSAGEM Web Site Servi\u00e7o que precisa Transporte de Trabalhadores Transporte Turismo Loca\u00e7\u00e3o de Ve\u00edculos Terceiriza\u00e7\u00e3o Fretamento [&hellip;]\" \/>\n<meta property=\"og:url\" content=\"https:\/\/grupovts.com.br\/?page_id=20\" \/>\n<meta property=\"og:site_name\" content=\"GRUPO VTS - Terceiriza\u00e7\u00e3o de transporte de trabalhadores e loca\u00e7\u00e3o de onibus\" \/>\n<meta property=\"article:modified_time\" content=\"2020-01-29T12:37:11+00:00\" \/>\n<meta property=\"og:image\" content=\"https:\/\/grupovts.com.br\/wp-content\/uploads\/2020\/01\/0188b5ab-1104-4120-8c83-d6287642c731-300x228-1.jpg\" \/>\n<meta name=\"twitter:card\" content=\"summary_large_image\" \/>\n<script type=\"application\/ld+json\" class=\"yoast-schema-graph\">{\"@context\":\"https:\\\/\\\/schema.org\",\"@graph\":[{\"@type\":\"WebPage\",\"@id\":\"https:\\\/\\\/grupovts.com.br\\\/?page_id=20\",\"url\":\"https:\\\/\\\/grupovts.com.br\\\/?page_id=20\",\"name\":\"Contato - GRUPO VTS - Terceiriza\u00e7\u00e3o de transporte de trabalhadores e loca\u00e7\u00e3o de onibus\",\"isPartOf\":{\"@id\":\"https:\\\/\\\/grupovts.com.br\\\/#website\"},\"primaryImageOfPage\":{\"@id\":\"https:\\\/\\\/grupovts.com.br\\\/?page_id=20#primaryimage\"},\"image\":{\"@id\":\"https:\\\/\\\/grupovts.com.br\\\/?page_id=20#primaryimage\"},\"thumbnailUrl\":\"https:\\\/\\\/grupovts.com.br\\\/wp-content\\\/uploads\\\/2020\\\/01\\\/0188b5ab-1104-4120-8c83-d6287642c731-300x228-1.jpg\",\"datePublished\":\"2020-01-16T01:51:20+00:00\",\"dateModified\":\"2020-01-29T12:37:11+00:00\",\"breadcrumb\":{\"@id\":\"https:\\\/\\\/grupovts.com.br\\\/?page_id=20#breadcrumb\"},\"inLanguage\":\"pt-BR\",\"potentialAction\":[{\"@type\":\"ReadAction\",\"target\":[\"https:\\\/\\\/grupovts.com.br\\\/?page_id=20\"]}]},{\"@type\":\"ImageObject\",\"inLanguage\":\"pt-BR\",\"@id\":\"https:\\\/\\\/grupovts.com.br\\\/?page_id=20#primaryimage\",\"url\":\"https:\\\/\\\/grupovts.com.br\\\/wp-content\\\/uploads\\\/2020\\\/01\\\/0188b5ab-1104-4120-8c83-d6287642c731-300x228-1.jpg\",\"contentUrl\":\"https:\\\/\\\/grupovts.com.br\\\/wp-content\\\/uploads\\\/2020\\\/01\\\/0188b5ab-1104-4120-8c83-d6287642c731-300x228-1.jpg\"},{\"@type\":\"BreadcrumbList\",\"@id\":\"https:\\\/\\\/grupovts.com.br\\\/?page_id=20#breadcrumb\",\"itemListElement\":[{\"@type\":\"ListItem\",\"position\":1,\"name\":\"In\u00edcio\",\"item\":\"https:\\\/\\\/grupovts.com.br\\\/\"},{\"@type\":\"ListItem\",\"position\":2,\"name\":\"Contato\"}]},{\"@type\":\"WebSite\",\"@id\":\"https:\\\/\\\/grupovts.com.br\\\/#website\",\"url\":\"https:\\\/\\\/grupovts.com.br\\\/\",\"name\":\"GRUPO VTS - Terceiriza\u00e7\u00e3o de transporte de trabalhadores e loca\u00e7\u00e3o de \u00f4nibus e frota de ve\u00edculos\",\"description\":\"Terceiriza\u00e7\u00e3o de transporte de trabalhadores e loca\u00e7\u00e3o de onibus\",\"potentialAction\":[{\"@type\":\"SearchAction\",\"target\":{\"@type\":\"EntryPoint\",\"urlTemplate\":\"https:\\\/\\\/grupovts.com.br\\\/?s={search_term_string}\"},\"query-input\":{\"@type\":\"PropertyValueSpecification\",\"valueRequired\":true,\"valueName\":\"search_term_string\"}}],\"inLanguage\":\"pt-BR\"}]}<\/script>\n<!-- \/ Yoast SEO plugin. -->","yoast_head_json":{"title":"Contato - GRUPO VTS - Terceiriza\u00e7\u00e3o de transporte de trabalhadores e loca\u00e7\u00e3o de onibus","robots":{"index":"index","follow":"follow","max-snippet":"max-snippet:-1","max-image-preview":"max-image-preview:large","max-video-preview":"max-video-preview:-1"},"canonical":"https:\/\/grupovts.com.br\/?page_id=20","og_locale":"pt_BR","og_type":"article","og_title":"Contato - GRUPO VTS - Terceiriza\u00e7\u00e3o de transporte de trabalhadores e loca\u00e7\u00e3o de onibus","og_description":"CONTATO FALE CONOSCO Endere\u00e7o: Av. T-63, esq. com Av. T-15 e Rua C-235, Qd. 145, Lts. 08 a 10 e 21a 24, Bueno, CEP 74.230-100. Goi\u00e2nia \u2013 GO 62 99832 9980 62 99831 6123 contato@grupovts.com.br Anterior Pr\u00f3ximo ENVIE SUA MENSAGEM Web Site Servi\u00e7o que precisa Transporte de Trabalhadores Transporte Turismo Loca\u00e7\u00e3o de Ve\u00edculos Terceiriza\u00e7\u00e3o Fretamento [&hellip;]","og_url":"https:\/\/grupovts.com.br\/?page_id=20","og_site_name":"GRUPO VTS - Terceiriza\u00e7\u00e3o de transporte de trabalhadores e loca\u00e7\u00e3o de onibus","article_modified_time":"2020-01-29T12:37:11+00:00","og_image":[{"url":"https:\/\/grupovts.com.br\/wp-content\/uploads\/2020\/01\/0188b5ab-1104-4120-8c83-d6287642c731-300x228-1.jpg","type":"","width":"","height":""}],"twitter_card":"summary_large_image","schema":{"@context":"https:\/\/schema.org","@graph":[{"@type":"WebPage","@id":"https:\/\/grupovts.com.br\/?page_id=20","url":"https:\/\/grupovts.com.br\/?page_id=20","name":"Contato - GRUPO VTS - Terceiriza\u00e7\u00e3o de transporte de trabalhadores e loca\u00e7\u00e3o de onibus","isPartOf":{"@id":"https:\/\/grupovts.com.br\/#website"},"primaryImageOfPage":{"@id":"https:\/\/grupovts.com.br\/?page_id=20#primaryimage"},"image":{"@id":"https:\/\/grupovts.com.br\/?page_id=20#primaryimage"},"thumbnailUrl":"https:\/\/grupovts.com.br\/wp-content\/uploads\/2020\/01\/0188b5ab-1104-4120-8c83-d6287642c731-300x228-1.jpg","datePublished":"2020-01-16T01:51:20+00:00","dateModified":"2020-01-29T12:37:11+00:00","breadcrumb":{"@id":"https:\/\/grupovts.com.br\/?page_id=20#breadcrumb"},"inLanguage":"pt-BR","potentialAction":[{"@type":"ReadAction","target":["https:\/\/grupovts.com.br\/?page_id=20"]}]},{"@type":"ImageObject","inLanguage":"pt-BR","@id":"https:\/\/grupovts.com.br\/?page_id=20#primaryimage","url":"https:\/\/grupovts.com.br\/wp-content\/uploads\/2020\/01\/0188b5ab-1104-4120-8c83-d6287642c731-300x228-1.jpg","contentUrl":"https:\/\/grupovts.com.br\/wp-content\/uploads\/2020\/01\/0188b5ab-1104-4120-8c83-d6287642c731-300x228-1.jpg"},{"@type":"BreadcrumbList","@id":"https:\/\/grupovts.com.br\/?page_id=20#breadcrumb","itemListElement":[{"@type":"ListItem","position":1,"name":"In\u00edcio","item":"https:\/\/grupovts.com.br\/"},{"@type":"ListItem","position":2,"name":"Contato"}]},{"@type":"WebSite","@id":"https:\/\/grupovts.com.br\/#website","url":"https:\/\/grupovts.com.br\/","name":"GRUPO VTS - Terceiriza\u00e7\u00e3o de transporte de trabalhadores e loca\u00e7\u00e3o de \u00f4nibus e frota de ve\u00edculos","description":"Terceiriza\u00e7\u00e3o de transporte de trabalhadores e loca\u00e7\u00e3o de onibus","potentialAction":[{"@type":"SearchAction","target":{"@type":"EntryPoint","urlTemplate":"https:\/\/grupovts.com.br\/?s={search_term_string}"},"query-input":{"@type":"PropertyValueSpecification","valueRequired":true,"valueName":"search_term_string"}}],"inLanguage":"pt-BR"}]}},"_links":{"self":[{"href":"https:\/\/grupovts.com.br\/index.php?rest_route=\/wp\/v2\/pages\/20","targetHints":{"allow":["GET"]}}],"collection":[{"href":"https:\/\/grupovts.com.br\/index.php?rest_route=\/wp\/v2\/pages"}],"about":[{"href":"https:\/\/grupovts.com.br\/index.php?rest_route=\/wp\/v2\/types\/page"}],"author":[{"embeddable":true,"href":"https:\/\/grupovts.com.br\/index.php?rest_route=\/wp\/v2\/users\/1"}],"replies":[{"embeddable":true,"href":"https:\/\/grupovts.com.br\/index.php?rest_route=%2Fwp%2Fv2%2Fcomments&post=20"}],"version-history":[{"count":9,"href":"https:\/\/grupovts.com.br\/index.php?rest_route=\/wp\/v2\/pages\/20\/revisions"}],"predecessor-version":[{"id":299,"href":"https:\/\/grupovts.com.br\/index.php?rest_route=\/wp\/v2\/pages\/20\/revisions\/299"}],"wp:attachment":[{"href":"https:\/\/grupovts.com.br\/index.php?rest_route=%2Fwp%2Fv2%2Fmedia&parent=20"}],"curies":[{"name":"wp","href":"https:\/\/api.w.org\/{rel}","templated":true}]}}