{"id":276,"date":"2020-01-28T21:25:38","date_gmt":"2020-01-28T23:25:38","guid":{"rendered":"http:\/\/localhost\/grupovts\/?page_id=276"},"modified":"2021-06-28T22:25:24","modified_gmt":"2021-06-29T01:25:24","slug":"onibus-turismo","status":"publish","type":"page","link":"https:\/\/grupovts.com.br\/?page_id=276","title":{"rendered":"\u00d4nibus Turismo"},"content":{"rendered":"\t\t<div data-elementor-type=\"wp-page\" data-elementor-id=\"276\" class=\"elementor elementor-276\" data-elementor-post-type=\"page\">\n\t\t\t\t\t\t<section class=\"elementor-section elementor-top-section elementor-element elementor-element-b946ec5 elementor-section-stretched elementor-section-boxed elementor-section-height-default elementor-section-height-default\" data-id=\"b946ec5\" data-element_type=\"section\" data-e-type=\"section\" data-settings=\"{&quot;stretch_section&quot;:&quot;section-stretched&quot;,&quot;background_background&quot;:&quot;classic&quot;}\">\n\t\t\t\t\t\t<div class=\"elementor-container elementor-column-gap-default\">\n\t\t\t\t\t<div class=\"elementor-column elementor-col-100 elementor-top-column elementor-element elementor-element-2c78cc4\" data-id=\"2c78cc4\" data-element_type=\"column\" data-e-type=\"column\">\n\t\t\t<div class=\"elementor-widget-wrap elementor-element-populated\">\n\t\t\t\t\t\t<div class=\"elementor-element elementor-element-040538b elementor-widget elementor-widget-heading\" data-id=\"040538b\" data-element_type=\"widget\" data-e-type=\"widget\" data-widget_type=\"heading.default\">\n\t\t\t\t<div class=\"elementor-widget-container\">\n\t\t\t\t\t<h2 class=\"elementor-heading-title elementor-size-default\">\u00d4NIBUS TURISMO\n\n<\/h2>\t\t\t\t<\/div>\n\t\t\t\t<\/div>\n\t\t\t\t\t<\/div>\n\t\t<\/div>\n\t\t\t\t\t<\/div>\n\t\t<\/section>\n\t\t\t\t<section class=\"elementor-section elementor-top-section elementor-element elementor-element-a388ebf elementor-section-boxed elementor-section-height-default elementor-section-height-default\" data-id=\"a388ebf\" data-element_type=\"section\" data-e-type=\"section\">\n\t\t\t\t\t\t<div class=\"elementor-container elementor-column-gap-default\">\n\t\t\t\t\t<div class=\"elementor-column elementor-col-100 elementor-top-column elementor-element elementor-element-6e11679\" data-id=\"6e11679\" data-element_type=\"column\" data-e-type=\"column\">\n\t\t\t<div class=\"elementor-widget-wrap elementor-element-populated\">\n\t\t\t\t\t\t<div class=\"elementor-element elementor-element-75b6fd7 elementor-widget elementor-widget-text-editor\" data-id=\"75b6fd7\" data-element_type=\"widget\" data-e-type=\"widget\" data-widget_type=\"text-editor.default\">\n\t\t\t\t<div class=\"elementor-widget-container\">\n\t\t\t\t\t\t\t\t\t<p>A\u00a0<strong>Uruana Tur<\/strong>\u00a0\u00e9 uma empresa que atua na \u00e1rea de\u00a0<strong>fretamento e loca\u00e7\u00e3o de \u00f4nibus rodovi\u00e1rios<\/strong>, oferecendo qualidade no atendimento para pessoas f\u00edsicas e jur\u00eddicas.<\/p><p>Conta com atendimento personalizado da equipe, Comercial e Motoristas, todos qualificados, constantemente treinados e conhecedores de roteiros rodovi\u00e1rios.<\/p><p>Nossa empresa est\u00e1 em freq\u00fcente moderniza\u00e7\u00e3o da frota e equipamentos, assim como com pol\u00edtica adequada para a manuten\u00e7\u00e3o de ve\u00edculos, sendo fator de extrema import\u00e2ncia em nossa presta\u00e7\u00e3o de servi\u00e7os.<\/p><p>Investimentos s\u00e3o realizados objetivando adequar nossa estrutura aos avan\u00e7os tecnol\u00f3gicos disponibilizados no mercado.<\/p><p>Possu\u00edmos uma frota sempre renovada, podendo ser direcionada para\u00a0<strong>grupos pequenos, m\u00e9dios e grandes, com capacidade entre 24 e 48 lugares, divididos em frota convencional, executiva e semileito.<\/strong><\/p>\t\t\t\t\t\t\t\t<\/div>\n\t\t\t\t<\/div>\n\t\t\t\t\t<\/div>\n\t\t<\/div>\n\t\t\t\t\t<\/div>\n\t\t<\/section>\n\t\t\t\t<section class=\"elementor-section elementor-top-section elementor-element elementor-element-0cc3b53 elementor-section-stretched elementor-section-boxed elementor-section-height-default elementor-section-height-default\" data-id=\"0cc3b53\" data-element_type=\"section\" data-e-type=\"section\" data-settings=\"{&quot;stretch_section&quot;:&quot;section-stretched&quot;,&quot;background_background&quot;:&quot;classic&quot;}\">\n\t\t\t\t\t\t<div class=\"elementor-container elementor-column-gap-default\">\n\t\t\t\t\t<div class=\"elementor-column elementor-col-50 elementor-top-column elementor-element elementor-element-48b7b88\" data-id=\"48b7b88\" data-element_type=\"column\" data-e-type=\"column\">\n\t\t\t<div class=\"elementor-widget-wrap elementor-element-populated\">\n\t\t\t\t\t\t<div class=\"elementor-element elementor-element-5001b51 elementor-widget elementor-widget-heading\" data-id=\"5001b51\" data-element_type=\"widget\" data-e-type=\"widget\" data-widget_type=\"heading.default\">\n\t\t\t\t<div class=\"elementor-widget-container\">\n\t\t\t\t\t<h3 class=\"elementor-heading-title elementor-size-default\">Estamos pronto para lhe atender, quer um or\u00e7amento?<\/h3>\t\t\t\t<\/div>\n\t\t\t\t<\/div>\n\t\t\t\t\t<\/div>\n\t\t<\/div>\n\t\t\t\t<div class=\"elementor-column elementor-col-50 elementor-top-column elementor-element elementor-element-3b3f27d\" data-id=\"3b3f27d\" data-element_type=\"column\" data-e-type=\"column\">\n\t\t\t<div class=\"elementor-widget-wrap elementor-element-populated\">\n\t\t\t\t\t\t<div class=\"elementor-element elementor-element-c8720f4 elementor-align-center elementor-widget elementor-widget-button\" data-id=\"c8720f4\" data-element_type=\"widget\" data-e-type=\"widget\" data-widget_type=\"button.default\">\n\t\t\t\t<div class=\"elementor-widget-container\">\n\t\t\t\t\t\t\t\t\t<div class=\"elementor-button-wrapper\">\n\t\t\t\t\t<a class=\"elementor-button elementor-button-link elementor-size-sm\" href=\"http:\/\/localhost\/grupovts\/contato\/\">\n\t\t\t\t\t\t<span class=\"elementor-button-content-wrapper\">\n\t\t\t\t\t\t<span class=\"elementor-button-icon\">\n\t\t\t\t<i aria-hidden=\"true\" class=\"fas fa-arrow-right\"><\/i>\t\t\t<\/span>\n\t\t\t\t\t\t\t\t\t<span class=\"elementor-button-text\">Clique aqui<\/span>\n\t\t\t\t\t<\/span>\n\t\t\t\t\t<\/a>\n\t\t\t\t<\/div>\n\t\t\t\t\t\t\t\t<\/div>\n\t\t\t\t<\/div>\n\t\t\t\t\t<\/div>\n\t\t<\/div>\n\t\t\t\t\t<\/div>\n\t\t<\/section>\n\t\t\t\t<section class=\"elementor-section elementor-top-section elementor-element elementor-element-acfc0d4 elementor-section-boxed elementor-section-height-default elementor-section-height-default\" data-id=\"acfc0d4\" data-element_type=\"section\" data-e-type=\"section\">\n\t\t\t\t\t\t<div class=\"elementor-container elementor-column-gap-default\">\n\t\t\t\t\t<div class=\"elementor-column elementor-col-100 elementor-top-column elementor-element elementor-element-151f12f\" data-id=\"151f12f\" data-element_type=\"column\" data-e-type=\"column\">\n\t\t\t<div class=\"elementor-widget-wrap elementor-element-populated\">\n\t\t\t\t\t\t<div class=\"elementor-element elementor-element-03469d7 elementor-widget elementor-widget-heading\" data-id=\"03469d7\" data-element_type=\"widget\" data-e-type=\"widget\" data-widget_type=\"heading.default\">\n\t\t\t\t<div class=\"elementor-widget-container\">\n\t\t\t\t\t<h1 class=\"elementor-heading-title elementor-size-default\">NOSSO DIFERENCIAL<\/h1>\t\t\t\t<\/div>\n\t\t\t\t<\/div>\n\t\t\t\t<div class=\"elementor-element elementor-element-1e8b5c1 elementor-widget elementor-widget-text-editor\" data-id=\"1e8b5c1\" data-element_type=\"widget\" data-e-type=\"widget\" data-widget_type=\"text-editor.default\">\n\t\t\t\t<div class=\"elementor-widget-container\">\n\t\t\t\t\t\t\t\t\t<p>Entendemos que a confian\u00e7a \u00e9 a base das rela\u00e7\u00f5es com nossos clientes e por isso nos comprometemos a atender todas as atividades contratadas dentro do planejamento.<br \/>Para isso temos um programa Manuten\u00e7\u00e3o Preventiva executado por profissional devidamente treinado e experiente, al\u00e9m das atividades delegadas para os motoristas.\u00a0 Nossas a\u00e7\u00f5es na preven\u00e7\u00e3o de quebras \u00e9 baseada na an\u00e1lise de causas \u201craiz\u201d e solu\u00e7\u00e3o imediata das a\u00e7\u00f5es apontada.<\/p>\t\t\t\t\t\t\t\t<\/div>\n\t\t\t\t<\/div>\n\t\t\t\t<div class=\"elementor-element elementor-element-89f9f3f elementor-widget elementor-widget-accordion\" data-id=\"89f9f3f\" data-element_type=\"widget\" data-e-type=\"widget\" data-widget_type=\"accordion.default\">\n\t\t\t\t<div class=\"elementor-widget-container\">\n\t\t\t\t\t\t\t<div class=\"elementor-accordion\">\n\t\t\t\t\t\t\t<div class=\"elementor-accordion-item\">\n\t\t\t\t\t<div id=\"elementor-tab-title-1441\" class=\"elementor-tab-title\" data-tab=\"1\" role=\"button\" aria-controls=\"elementor-tab-content-1441\" aria-expanded=\"false\">\n\t\t\t\t\t\t\t\t\t\t\t\t\t<span class=\"elementor-accordion-icon elementor-accordion-icon-left\" aria-hidden=\"true\">\n\t\t\t\t\t\t\t\t\t\t\t\t\t\t\t<span class=\"elementor-accordion-icon-closed\"><i class=\"fas fa-plus\"><\/i><\/span>\n\t\t\t\t\t\t\t\t<span class=\"elementor-accordion-icon-opened\"><i class=\"fas fa-minus\"><\/i><\/span>\n\t\t\t\t\t\t\t\t\t\t\t\t\t\t<\/span>\n\t\t\t\t\t\t\t\t\t\t\t\t<a class=\"elementor-accordion-title\" tabindex=\"0\">MANUTEN\u00c7\u00c3O<\/a>\n\t\t\t\t\t<\/div>\n\t\t\t\t\t<div id=\"elementor-tab-content-1441\" class=\"elementor-tab-content elementor-clearfix\" data-tab=\"1\" role=\"region\" aria-labelledby=\"elementor-tab-title-1441\"><p>\u00c9 uma das \u00e1reas mais importantes da Cerrado transportes, acreditamos que os investimentos nessa \u00e1rea sobretudo na manuten\u00e7\u00e3o preventiva dos nosso ve\u00edculos \u00e9 o caminho para a excel\u00eancia de nossa frota.<br \/>Temos um programa de manuten\u00e7\u00e3o que visa a seguran\u00e7a e qualidade dos trabalhos e a garantia do cumprimento dos servi\u00e7os contratados. Independentemente de apresentarem ou n\u00e3o problemas, todos os \u00f4nibus s\u00e3o submetidos \u00e0 revis\u00e3o geral seguindo a linha de prioridade:<\/p><\/div>\n\t\t\t\t<\/div>\n\t\t\t\t\t\t\t<div class=\"elementor-accordion-item\">\n\t\t\t\t\t<div id=\"elementor-tab-title-1442\" class=\"elementor-tab-title\" data-tab=\"2\" role=\"button\" aria-controls=\"elementor-tab-content-1442\" aria-expanded=\"false\">\n\t\t\t\t\t\t\t\t\t\t\t\t\t<span class=\"elementor-accordion-icon elementor-accordion-icon-left\" aria-hidden=\"true\">\n\t\t\t\t\t\t\t\t\t\t\t\t\t\t\t<span class=\"elementor-accordion-icon-closed\"><i class=\"fas fa-plus\"><\/i><\/span>\n\t\t\t\t\t\t\t\t<span class=\"elementor-accordion-icon-opened\"><i class=\"fas fa-minus\"><\/i><\/span>\n\t\t\t\t\t\t\t\t\t\t\t\t\t\t<\/span>\n\t\t\t\t\t\t\t\t\t\t\t\t<a class=\"elementor-accordion-title\" tabindex=\"0\">PREVENTIVA<\/a>\n\t\t\t\t\t<\/div>\n\t\t\t\t\t<div id=\"elementor-tab-content-1442\" class=\"elementor-tab-content elementor-clearfix\" data-tab=\"2\" role=\"region\" aria-labelledby=\"elementor-tab-title-1442\"><p>Acreditamos no conceito de que \u00e9 melhor gerenciarmos as \u201cmelhorias\u201d do que administrar problemas, definimos como padr\u00e3o de manuten\u00e7\u00e3o na nossa frota a seguinte periodicidade:<\/p><p>a)\u00a0\u00a0 Diariamente: motorista ser\u00e1 respons\u00e1vel pela an\u00e1lise visual dos componentesde seguran\u00e7a do ve\u00edculo: Freios, pneus, fluido de dire\u00e7\u00e3o,far\u00f3is, lanternas e limpeza interna.<br \/>b) Semanalmente:\u00a0 An\u00e1lise geral por mec\u00e2nico e motorista de 28 itens identificados planejamento de manuten\u00e7\u00e3o<br \/>c) Quinzenalmente: Encarregado de Transporte e mec\u00e2nico aplicam check-list de manuten\u00e7\u00e3o e constata\u00e7\u00e3o de n\u00e3o conformidade, atendimento imediato<br \/>d) Mensalmente: Manuten\u00e7\u00e3o geral do ve\u00edculo.<\/p><p><strong>Manuten\u00e7\u00e3o Corretiva:<\/strong><br \/>Mantemos estoque das principais pe\u00e7as e sobressalentes para atendimento imediato em eventuais quebras de ve\u00edculos<\/p><p><strong>Plano de Lavagem e conserva\u00e7\u00e3o:<\/strong><br \/>Mantemos estoque das principais pe\u00e7as e sobressalentes para atendimento imediato em eventuais quebras de ve\u00edculos<\/p><p>a)\u00a0<strong>Diariamente<\/strong>: Motorista ser\u00e1 respons\u00e1vel pela limpeza e higieniza\u00e7\u00e3o interna do \u00f4nibus;<br \/>b)\u00a0<strong>Semanalmente<\/strong>:\u00a0 Lavagem interna\/externa com higieniza\u00e7\u00e3o<\/p><\/div>\n\t\t\t\t<\/div>\n\t\t\t\t\t\t\t<div class=\"elementor-accordion-item\">\n\t\t\t\t\t<div id=\"elementor-tab-title-1443\" class=\"elementor-tab-title\" data-tab=\"3\" role=\"button\" aria-controls=\"elementor-tab-content-1443\" aria-expanded=\"false\">\n\t\t\t\t\t\t\t\t\t\t\t\t\t<span class=\"elementor-accordion-icon elementor-accordion-icon-left\" aria-hidden=\"true\">\n\t\t\t\t\t\t\t\t\t\t\t\t\t\t\t<span class=\"elementor-accordion-icon-closed\"><i class=\"fas fa-plus\"><\/i><\/span>\n\t\t\t\t\t\t\t\t<span class=\"elementor-accordion-icon-opened\"><i class=\"fas fa-minus\"><\/i><\/span>\n\t\t\t\t\t\t\t\t\t\t\t\t\t\t<\/span>\n\t\t\t\t\t\t\t\t\t\t\t\t<a class=\"elementor-accordion-title\" tabindex=\"0\">PORQUE TERCEIRIZAR SEU TRANSPORTE<\/a>\n\t\t\t\t\t<\/div>\n\t\t\t\t\t<div id=\"elementor-tab-content-1443\" class=\"elementor-tab-content elementor-clearfix\" data-tab=\"3\" role=\"region\" aria-labelledby=\"elementor-tab-title-1443\"><p>A decis\u00e3o de terceirizar o transporte de trabalhadores e outras atividades deve ser tomada quando queremos priorizar nossas for\u00e7as naquilo que agrega valor otimizando os gastos, gest\u00e3o da produtividade em servi\u00e7os ou produtos que \u00e9 concentrar na sua atividade principal. Por outro lado tamb\u00e9m garantimos que os servi\u00e7os ser\u00e3o executados por empresa que \u00e9 focada na atividade e portanto garantir\u00e1 a qualidade e seguran\u00e7a da atividade.<br \/>Quando sua empresa terceiriza o transporte de trabalhadores quer dizer que voc\u00ea ficar\u00e1 tranquilo em saber que seu bem mais importante \u201cseus funcion\u00e1rios\u201d est\u00e3o sendo bem cuidado, \u00e9 isso que a Cerrado Transporte te proporciona.<\/p><\/div>\n\t\t\t\t<\/div>\n\t\t\t\t\t\t\t\t<\/div>\n\t\t\t\t\t\t<\/div>\n\t\t\t\t<\/div>\n\t\t\t\t\t<\/div>\n\t\t<\/div>\n\t\t\t\t\t<\/div>\n\t\t<\/section>\n\t\t\t\t<section class=\"elementor-section elementor-top-section elementor-element elementor-element-e1d4f3f elementor-section-stretched elementor-section-full_width elementor-section-height-default elementor-section-height-default\" data-id=\"e1d4f3f\" data-element_type=\"section\" data-e-type=\"section\" data-settings=\"{&quot;stretch_section&quot;:&quot;section-stretched&quot;,&quot;background_background&quot;:&quot;classic&quot;}\">\n\t\t\t\t\t\t<div class=\"elementor-container elementor-column-gap-default\">\n\t\t\t\t\t<div class=\"elementor-column elementor-col-33 elementor-top-column elementor-element elementor-element-3ee0bfa\" data-id=\"3ee0bfa\" data-element_type=\"column\" data-e-type=\"column\">\n\t\t\t<div class=\"elementor-widget-wrap elementor-element-populated\">\n\t\t\t\t\t\t<div class=\"elementor-element elementor-element-c051b84 elementor-view-default elementor-position-block-start elementor-mobile-position-block-start elementor-widget elementor-widget-icon-box\" data-id=\"c051b84\" data-element_type=\"widget\" data-e-type=\"widget\" data-widget_type=\"icon-box.default\">\n\t\t\t\t<div class=\"elementor-widget-container\">\n\t\t\t\t\t\t\t<div class=\"elementor-icon-box-wrapper\">\n\n\t\t\t\t\t\t<div class=\"elementor-icon-box-icon\">\n\t\t\t\t<span  class=\"elementor-icon\">\n\t\t\t\t<i aria-hidden=\"true\" class=\"fas fa-shield-alt\"><\/i>\t\t\t\t<\/span>\n\t\t\t<\/div>\n\t\t\t\n\t\t\t\t\t\t<div class=\"elementor-icon-box-content\">\n\n\t\t\t\t\t\t\t\t\t<h3 class=\"elementor-icon-box-title\">\n\t\t\t\t\t\t<span  >\n\t\t\t\t\t\t\tSEGURAN\u00c7A\t\t\t\t\t\t<\/span>\n\t\t\t\t\t<\/h3>\n\t\t\t\t\n\t\t\t\t\n\t\t\t<\/div>\n\t\t\t\n\t\t<\/div>\n\t\t\t\t\t\t<\/div>\n\t\t\t\t<\/div>\n\t\t\t\t\t<\/div>\n\t\t<\/div>\n\t\t\t\t<div class=\"elementor-column elementor-col-33 elementor-top-column elementor-element elementor-element-c583c23\" data-id=\"c583c23\" data-element_type=\"column\" data-e-type=\"column\" data-settings=\"{&quot;background_background&quot;:&quot;classic&quot;}\">\n\t\t\t<div class=\"elementor-widget-wrap elementor-element-populated\">\n\t\t\t\t\t\t<div class=\"elementor-element elementor-element-8d3e0af elementor-view-default elementor-position-block-start elementor-mobile-position-block-start elementor-widget elementor-widget-icon-box\" data-id=\"8d3e0af\" data-element_type=\"widget\" data-e-type=\"widget\" data-widget_type=\"icon-box.default\">\n\t\t\t\t<div class=\"elementor-widget-container\">\n\t\t\t\t\t\t\t<div class=\"elementor-icon-box-wrapper\">\n\n\t\t\t\t\t\t<div class=\"elementor-icon-box-icon\">\n\t\t\t\t<span  class=\"elementor-icon\">\n\t\t\t\t<i aria-hidden=\"true\" class=\"far fa-clock\"><\/i>\t\t\t\t<\/span>\n\t\t\t<\/div>\n\t\t\t\n\t\t\t\t\t\t<div class=\"elementor-icon-box-content\">\n\n\t\t\t\t\t\t\t\t\t<h3 class=\"elementor-icon-box-title\">\n\t\t\t\t\t\t<span  >\n\t\t\t\t\t\t\tPONTUALIDADE\t\t\t\t\t\t<\/span>\n\t\t\t\t\t<\/h3>\n\t\t\t\t\n\t\t\t\t\n\t\t\t<\/div>\n\t\t\t\n\t\t<\/div>\n\t\t\t\t\t\t<\/div>\n\t\t\t\t<\/div>\n\t\t\t\t\t<\/div>\n\t\t<\/div>\n\t\t\t\t<div class=\"elementor-column elementor-col-33 elementor-top-column elementor-element elementor-element-37d3939\" data-id=\"37d3939\" data-element_type=\"column\" data-e-type=\"column\">\n\t\t\t<div class=\"elementor-widget-wrap elementor-element-populated\">\n\t\t\t\t\t\t<div class=\"elementor-element elementor-element-e0d261a elementor-view-default elementor-position-block-start elementor-mobile-position-block-start elementor-widget elementor-widget-icon-box\" data-id=\"e0d261a\" data-element_type=\"widget\" data-e-type=\"widget\" data-widget_type=\"icon-box.default\">\n\t\t\t\t<div class=\"elementor-widget-container\">\n\t\t\t\t\t\t\t<div class=\"elementor-icon-box-wrapper\">\n\n\t\t\t\t\t\t<div class=\"elementor-icon-box-icon\">\n\t\t\t\t<span  class=\"elementor-icon\">\n\t\t\t\t<i aria-hidden=\"true\" class=\"fas fa-phone-alt\"><\/i>\t\t\t\t<\/span>\n\t\t\t<\/div>\n\t\t\t\n\t\t\t\t\t\t<div class=\"elementor-icon-box-content\">\n\n\t\t\t\t\t\t\t\t\t<h3 class=\"elementor-icon-box-title\">\n\t\t\t\t\t\t<span  >\n\t\t\t\t\t\t\t24\/7 SUPORTE\t\t\t\t\t\t<\/span>\n\t\t\t\t\t<\/h3>\n\t\t\t\t\n\t\t\t\t\n\t\t\t<\/div>\n\t\t\t\n\t\t<\/div>\n\t\t\t\t\t\t<\/div>\n\t\t\t\t<\/div>\n\t\t\t\t\t<\/div>\n\t\t<\/div>\n\t\t\t\t\t<\/div>\n\t\t<\/section>\n\t\t\t\t<\/div>\n\t\t","protected":false},"excerpt":{"rendered":"<p>\u00d4NIBUS TURISMO A\u00a0Uruana Tur\u00a0\u00e9 uma empresa que atua na \u00e1rea de\u00a0fretamento e loca\u00e7\u00e3o de \u00f4nibus rodovi\u00e1rios, oferecendo qualidade no atendimento para pessoas f\u00edsicas e jur\u00eddicas. Conta com atendimento personalizado da equipe, Comercial e Motoristas, todos qualificados, constantemente treinados e conhecedores de roteiros rodovi\u00e1rios. Nossa empresa est\u00e1 em freq\u00fcente moderniza\u00e7\u00e3o da frota e equipamentos, assim como [&hellip;]<\/p>\n","protected":false},"author":1,"featured_media":0,"parent":16,"menu_order":0,"comment_status":"closed","ping_status":"closed","template":"","meta":{"footnotes":""},"class_list":["post-276","page","type-page","status-publish","hentry"],"yoast_head":"<!-- This site is optimized with the Yoast SEO plugin v27.4 - https:\/\/yoast.com\/product\/yoast-seo-wordpress\/ -->\n<title>\u00d4nibus Turismo - GRUPO VTS - Terceiriza\u00e7\u00e3o de transporte de trabalhadores e loca\u00e7\u00e3o de onibus<\/title>\n<meta name=\"robots\" content=\"index, follow, max-snippet:-1, max-image-preview:large, max-video-preview:-1\" \/>\n<link rel=\"canonical\" href=\"https:\/\/grupovts.com.br\/?page_id=276\" \/>\n<meta property=\"og:locale\" content=\"pt_BR\" \/>\n<meta property=\"og:type\" content=\"article\" \/>\n<meta property=\"og:title\" content=\"\u00d4nibus Turismo - GRUPO VTS - Terceiriza\u00e7\u00e3o de transporte de trabalhadores e loca\u00e7\u00e3o de onibus\" \/>\n<meta property=\"og:description\" content=\"\u00d4NIBUS TURISMO A\u00a0Uruana Tur\u00a0\u00e9 uma empresa que atua na \u00e1rea de\u00a0fretamento e loca\u00e7\u00e3o de \u00f4nibus rodovi\u00e1rios, oferecendo qualidade no atendimento para pessoas f\u00edsicas e jur\u00eddicas. Conta com atendimento personalizado da equipe, Comercial e Motoristas, todos qualificados, constantemente treinados e conhecedores de roteiros rodovi\u00e1rios. Nossa empresa est\u00e1 em freq\u00fcente moderniza\u00e7\u00e3o da frota e equipamentos, assim como [&hellip;]\" \/>\n<meta property=\"og:url\" content=\"https:\/\/grupovts.com.br\/?page_id=276\" \/>\n<meta property=\"og:site_name\" content=\"GRUPO VTS - Terceiriza\u00e7\u00e3o de transporte de trabalhadores e loca\u00e7\u00e3o de onibus\" \/>\n<meta property=\"article:modified_time\" content=\"2021-06-29T01:25:24+00:00\" \/>\n<meta name=\"twitter:card\" content=\"summary_large_image\" \/>\n<meta name=\"twitter:label1\" content=\"Est. tempo de leitura\" \/>\n\t<meta name=\"twitter:data1\" content=\"6 minutos\" \/>\n<script type=\"application\/ld+json\" class=\"yoast-schema-graph\">{\"@context\":\"https:\\\/\\\/schema.org\",\"@graph\":[{\"@type\":\"WebPage\",\"@id\":\"https:\\\/\\\/grupovts.com.br\\\/?page_id=276\",\"url\":\"https:\\\/\\\/grupovts.com.br\\\/?page_id=276\",\"name\":\"\u00d4nibus Turismo - GRUPO VTS - Terceiriza\u00e7\u00e3o de transporte de trabalhadores e loca\u00e7\u00e3o de onibus\",\"isPartOf\":{\"@id\":\"https:\\\/\\\/grupovts.com.br\\\/#website\"},\"datePublished\":\"2020-01-28T23:25:38+00:00\",\"dateModified\":\"2021-06-29T01:25:24+00:00\",\"breadcrumb\":{\"@id\":\"https:\\\/\\\/grupovts.com.br\\\/?page_id=276#breadcrumb\"},\"inLanguage\":\"pt-BR\",\"potentialAction\":[{\"@type\":\"ReadAction\",\"target\":[\"https:\\\/\\\/grupovts.com.br\\\/?page_id=276\"]}]},{\"@type\":\"BreadcrumbList\",\"@id\":\"https:\\\/\\\/grupovts.com.br\\\/?page_id=276#breadcrumb\",\"itemListElement\":[{\"@type\":\"ListItem\",\"position\":1,\"name\":\"In\u00edcio\",\"item\":\"https:\\\/\\\/grupovts.com.br\\\/\"},{\"@type\":\"ListItem\",\"position\":2,\"name\":\"Servi\u00e7os\",\"item\":\"https:\\\/\\\/grupovts.com.br\\\/?page_id=16\"},{\"@type\":\"ListItem\",\"position\":3,\"name\":\"\u00d4nibus Turismo\"}]},{\"@type\":\"WebSite\",\"@id\":\"https:\\\/\\\/grupovts.com.br\\\/#website\",\"url\":\"https:\\\/\\\/grupovts.com.br\\\/\",\"name\":\"GRUPO VTS - Terceiriza\u00e7\u00e3o de transporte de trabalhadores e loca\u00e7\u00e3o de \u00f4nibus e frota de ve\u00edculos\",\"description\":\"Terceiriza\u00e7\u00e3o de transporte de trabalhadores e loca\u00e7\u00e3o de onibus\",\"potentialAction\":[{\"@type\":\"SearchAction\",\"target\":{\"@type\":\"EntryPoint\",\"urlTemplate\":\"https:\\\/\\\/grupovts.com.br\\\/?s={search_term_string}\"},\"query-input\":{\"@type\":\"PropertyValueSpecification\",\"valueRequired\":true,\"valueName\":\"search_term_string\"}}],\"inLanguage\":\"pt-BR\"}]}<\/script>\n<!-- \/ Yoast SEO plugin. -->","yoast_head_json":{"title":"\u00d4nibus Turismo - GRUPO VTS - Terceiriza\u00e7\u00e3o de transporte de trabalhadores e loca\u00e7\u00e3o de onibus","robots":{"index":"index","follow":"follow","max-snippet":"max-snippet:-1","max-image-preview":"max-image-preview:large","max-video-preview":"max-video-preview:-1"},"canonical":"https:\/\/grupovts.com.br\/?page_id=276","og_locale":"pt_BR","og_type":"article","og_title":"\u00d4nibus Turismo - GRUPO VTS - Terceiriza\u00e7\u00e3o de transporte de trabalhadores e loca\u00e7\u00e3o de onibus","og_description":"\u00d4NIBUS TURISMO A\u00a0Uruana Tur\u00a0\u00e9 uma empresa que atua na \u00e1rea de\u00a0fretamento e loca\u00e7\u00e3o de \u00f4nibus rodovi\u00e1rios, oferecendo qualidade no atendimento para pessoas f\u00edsicas e jur\u00eddicas. Conta com atendimento personalizado da equipe, Comercial e Motoristas, todos qualificados, constantemente treinados e conhecedores de roteiros rodovi\u00e1rios. Nossa empresa est\u00e1 em freq\u00fcente moderniza\u00e7\u00e3o da frota e equipamentos, assim como [&hellip;]","og_url":"https:\/\/grupovts.com.br\/?page_id=276","og_site_name":"GRUPO VTS - Terceiriza\u00e7\u00e3o de transporte de trabalhadores e loca\u00e7\u00e3o de onibus","article_modified_time":"2021-06-29T01:25:24+00:00","twitter_card":"summary_large_image","twitter_misc":{"Est. tempo de leitura":"6 minutos"},"schema":{"@context":"https:\/\/schema.org","@graph":[{"@type":"WebPage","@id":"https:\/\/grupovts.com.br\/?page_id=276","url":"https:\/\/grupovts.com.br\/?page_id=276","name":"\u00d4nibus Turismo - GRUPO VTS - Terceiriza\u00e7\u00e3o de transporte de trabalhadores e loca\u00e7\u00e3o de onibus","isPartOf":{"@id":"https:\/\/grupovts.com.br\/#website"},"datePublished":"2020-01-28T23:25:38+00:00","dateModified":"2021-06-29T01:25:24+00:00","breadcrumb":{"@id":"https:\/\/grupovts.com.br\/?page_id=276#breadcrumb"},"inLanguage":"pt-BR","potentialAction":[{"@type":"ReadAction","target":["https:\/\/grupovts.com.br\/?page_id=276"]}]},{"@type":"BreadcrumbList","@id":"https:\/\/grupovts.com.br\/?page_id=276#breadcrumb","itemListElement":[{"@type":"ListItem","position":1,"name":"In\u00edcio","item":"https:\/\/grupovts.com.br\/"},{"@type":"ListItem","position":2,"name":"Servi\u00e7os","item":"https:\/\/grupovts.com.br\/?page_id=16"},{"@type":"ListItem","position":3,"name":"\u00d4nibus Turismo"}]},{"@type":"WebSite","@id":"https:\/\/grupovts.com.br\/#website","url":"https:\/\/grupovts.com.br\/","name":"GRUPO VTS - Terceiriza\u00e7\u00e3o de transporte de trabalhadores e loca\u00e7\u00e3o de \u00f4nibus e frota de ve\u00edculos","description":"Terceiriza\u00e7\u00e3o de transporte de trabalhadores e loca\u00e7\u00e3o de onibus","potentialAction":[{"@type":"SearchAction","target":{"@type":"EntryPoint","urlTemplate":"https:\/\/grupovts.com.br\/?s={search_term_string}"},"query-input":{"@type":"PropertyValueSpecification","valueRequired":true,"valueName":"search_term_string"}}],"inLanguage":"pt-BR"}]}},"_links":{"self":[{"href":"https:\/\/grupovts.com.br\/index.php?rest_route=\/wp\/v2\/pages\/276","targetHints":{"allow":["GET"]}}],"collection":[{"href":"https:\/\/grupovts.com.br\/index.php?rest_route=\/wp\/v2\/pages"}],"about":[{"href":"https:\/\/grupovts.com.br\/index.php?rest_route=\/wp\/v2\/types\/page"}],"author":[{"embeddable":true,"href":"https:\/\/grupovts.com.br\/index.php?rest_route=\/wp\/v2\/users\/1"}],"replies":[{"embeddable":true,"href":"https:\/\/grupovts.com.br\/index.php?rest_route=%2Fwp%2Fv2%2Fcomments&post=276"}],"version-history":[{"count":10,"href":"https:\/\/grupovts.com.br\/index.php?rest_route=\/wp\/v2\/pages\/276\/revisions"}],"predecessor-version":[{"id":529,"href":"https:\/\/grupovts.com.br\/index.php?rest_route=\/wp\/v2\/pages\/276\/revisions\/529"}],"up":[{"embeddable":true,"href":"https:\/\/grupovts.com.br\/index.php?rest_route=\/wp\/v2\/pages\/16"}],"wp:attachment":[{"href":"https:\/\/grupovts.com.br\/index.php?rest_route=%2Fwp%2Fv2%2Fmedia&parent=276"}],"curies":[{"name":"wp","href":"https:\/\/api.w.org\/{rel}","templated":true}]}}